{"id":1412,"date":"2023-08-10T09:20:52","date_gmt":"2023-08-10T07:20:52","guid":{"rendered":"https:\/\/lmat.de\/?page_id=1412"},"modified":"2026-02-17T16:11:38","modified_gmt":"2026-02-17T15:11:38","slug":"imprint","status":"publish","type":"page","link":"https:\/\/lmat.de\/en\/imprint\/","title":{"rendered":"Imprint"},"content":{"rendered":"\n<div class=\"wp-block-genesis-blocks-gb-columns lists gb-layout-columns-1 gb-1-col-equal gb-columns-center alignfull\"><div class=\"gb-layout-column-wrap gb-block-layout-column-gap-3 gb-is-responsive-column\" style=\"max-width:1200px\">\n<div class=\"wp-block-genesis-blocks-gb-column gb-block-layout-column\"><div class=\"gb-block-layout-column-inner\">\n<h1 class=\"wp-block-heading\">Imprint<\/h1>\n\n\n\n<h2 class=\"wp-block-heading\">Information pursuant to Sect. 5 German Telemedia Act (TMG)<\/h2>\n\n\n\n<p>LM Audit &amp; Tax GmbH Wirtschaftspr\u00fcfungsgesellschaft Steuerberatungsgesellschaft<br>Paul-Gerhardt-Allee 50<br>D-81245 M\u00fcnchen<\/p>\n\n\n\n<p>Commercial Register: HR B 134 884<br>Registration court: Amtsgericht M\u00fcnchen<\/p>\n\n\n\n<p><strong>Represented by:<\/strong><\/p>\n\n\n\n<p>WP\/StB Maximilian Bodenhagen<\/p>\n\n\n\n<p>StBin Tanja Burger<\/p>\n\n\n\n<p>StB Bernd Freutel<\/p>\n\n\n\n<p>WP\/StB Tobias Igl<\/p>\n\n\n\n<p>StB Thomas J\u00e4ger<\/p>\n\n\n\n<p>WP\/StB Michael Siebe<\/p>\n\n\n\n<p>WP\/StB Vincent Peters<\/p>\n\n\n\n<h2 class=\"wp-block-heading\">Contact<\/h2>\n\n\n\n<p>Phone: +49 (0)89 896044-0<br>Telefax: +49 (0)89 896044-20<br>E-mail: info@LMAT.de<\/p>\n\n\n\n<h2 class=\"wp-block-heading\">VAT ID<\/h2>\n\n\n\n<p>Sales tax identification number according to Sect. 27 a of the Sales Tax Law:<br>DE214441099<\/p>\n\n\n\n<h2 class=\"wp-block-heading\">Job title and professional regulations<\/h2>\n\n\n\n<p>Job title:<br>Steuerberater, Wirtschaftspr\u00fcfer<\/p>\n\n\n\n<p>Competent chamber:<br>Steuerberaterkammer:<br>Nederlinger Stra\u00dfe 9<br>80638 M\u00fcnchen<br><br>Wirtschaftspr\u00fcferkammer:<br>Rauchstra\u00dfe 26<br>10787 Berlin<\/p>\n\n\n\n<p>Authorisation granted in:<br>Deutschland<\/p>\n\n\n\n<p>The following professional regulations apply:<\/p>\n\n\n\n<p>Der Berufsstand der Steuerberater unterliegt imWwesentlichen nachfolgend genannten berufsrechtlichen Regelungen: Steuerberatungsgesetz Durchf\u00fchrungsverordnung zum Steuerberatungsgesetz Berufsordnung der Bundessteuerberaterkammer Steuerberatergeb\u00fchrenverordnung<br>available at: <a href=\"http:\/\/www.stbk-muc.de\/\" target=\"_blank\" rel=\"noreferrer noopener\">http:\/\/www.stbk-muc.de\/<\/a><\/p>\n\n\n\n<p>Der Berufsstand der Wirtschaftspr\u00fcfer \/ vereidigten Buchpr\u00fcfer unterliegt im Wesentlichen nachfolgend genannter berufsrechtlichen Regelungen: Wirtschaftspr\u00fcferordnung Berufssatzung f\u00fcr Wirtschaftspr\u00fcfer Berufssatzung f\u00fcr vereidigte Buchpr\u00fcfer Satzung f\u00fcr Qualit\u00e4tskontrolle Siegelverordnung Berufshaftpflichtversicherungsordnung<br>available at: <a href=\"http:\/\/www.wpk.de\/\" target=\"_blank\" rel=\"noreferrer noopener\">http:\/\/www.wpk.de\/<\/a><\/p>\n\n\n\n<h2 class=\"wp-block-heading\">Person responsible for editorial<\/h2>\n\n\n\n<p>LM Audit &amp; Tax GmbH<br>Wirtschaftspr\u00fcfungsgesellschaft<br>Steuerberatungsgesellschaft<\/p>\n\n\n\n<h2 class=\"wp-block-heading\">EU dispute resolution<\/h2>\n\n\n\n<p>The European Commission provides a platform for online dispute resolution (ODR): <a href=\"https:\/\/ec.europa.eu\/consumers\/odr\/\" target=\"_blank\" rel=\"noreferrer noopener\">https:\/\/ec.europa.eu\/consumers\/odr\/<\/a>.<br>Our e-mail address can be found above in the site notice.<\/p>\n\n\n\n<h2 class=\"wp-block-heading\">Dispute resolution proceedings in front of a consumer arbitration board<\/h2>\n\n\n\n<p>We are not willing or obliged to participate in dispute resolution proceedings in front of a consumer arbitration board.<\/p>\n\n\n\n<h2 class=\"wp-block-heading\">Disclaimer<\/h2>\n\n\n\n<p>All contributions have been compiled to the best of our knowledge. Despite careful review, the provider cannot accept any liability for the accuracy, completeness or practical applicability of the information published on this website. This information does not replace advice in individual cases, but serves exclusively to provide information about the provider&#8217;s services and is therefore expressly not intended to be used by third parties or in any other way, in particular without a corresponding review in individual cases by LM Audit &amp; Tax GmbH (hereinafter LM). LM is therefore not liable for any damage in connection with the unauthorised use of such content.<\/p>\n<\/div><\/div>\n<\/div><\/div>\n\n\n\n<p><\/p>\n","protected":false},"excerpt":{"rendered":"","protected":false},"author":2,"featured_media":0,"parent":0,"menu_order":0,"comment_status":"closed","ping_status":"closed","template":"","meta":{"_acf_changed":false,"_uag_custom_page_level_css":"","_genesis_hide_title":true,"_genesis_hide_breadcrumbs":false,"_genesis_hide_singular_image":false,"_genesis_hide_footer_widgets":false,"_genesis_custom_body_class":"","_genesis_custom_post_class":"","_genesis_layout":"","footnotes":""},"class_list":{"0":"post-1412","1":"page","2":"type-page","3":"status-publish","5":"entry"},"acf":[],"yoast_head":"<!-- This site is optimized with the Yoast SEO plugin v27.2 - https:\/\/yoast.com\/product\/yoast-seo-wordpress\/ -->\n<title>Imprint - LM Audit &amp; Tax GmbH | Wirtschaftspr\u00fcfungsgesellschaft Steuerberatungsgesellschaft<\/title>\n<meta name=\"robots\" content=\"index, follow, max-snippet:-1, max-image-preview:large, max-video-preview:-1\" \/>\n<link rel=\"canonical\" href=\"https:\/\/lmat.de\/en\/imprint\/\" \/>\n<meta property=\"og:locale\" content=\"en_US\" \/>\n<meta property=\"og:type\" content=\"article\" \/>\n<meta property=\"og:title\" content=\"Imprint - LM Audit &amp; Tax GmbH | Wirtschaftspr\u00fcfungsgesellschaft Steuerberatungsgesellschaft\" \/>\n<meta property=\"og:url\" content=\"https:\/\/lmat.de\/en\/imprint\/\" \/>\n<meta property=\"og:site_name\" content=\"LM Audit &amp; Tax GmbH | Wirtschaftspr\u00fcfungsgesellschaft Steuerberatungsgesellschaft\" \/>\n<meta property=\"article:modified_time\" content=\"2026-02-17T15:11:38+00:00\" \/>\n<meta name=\"twitter:card\" content=\"summary_large_image\" \/>\n<meta name=\"twitter:label1\" content=\"Est. reading time\" \/>\n\t<meta name=\"twitter:data1\" content=\"2 minutes\" \/>\n<script type=\"application\/ld+json\" class=\"yoast-schema-graph\">{\"@context\":\"https:\/\/schema.org\",\"@graph\":[{\"@type\":\"WebPage\",\"@id\":\"https:\/\/lmat.de\/en\/imprint\/\",\"url\":\"https:\/\/lmat.de\/en\/imprint\/\",\"name\":\"Imprint - LM Audit &amp; Tax GmbH | Wirtschaftspr\u00fcfungsgesellschaft Steuerberatungsgesellschaft\",\"isPartOf\":{\"@id\":\"https:\/\/lmat.de\/#website\"},\"datePublished\":\"2023-08-10T07:20:52+00:00\",\"dateModified\":\"2026-02-17T15:11:38+00:00\",\"breadcrumb\":{\"@id\":\"https:\/\/lmat.de\/en\/imprint\/#breadcrumb\"},\"inLanguage\":\"en-US\",\"potentialAction\":[{\"@type\":\"ReadAction\",\"target\":[\"https:\/\/lmat.de\/en\/imprint\/\"]}]},{\"@type\":\"BreadcrumbList\",\"@id\":\"https:\/\/lmat.de\/en\/imprint\/#breadcrumb\",\"itemListElement\":[{\"@type\":\"ListItem\",\"position\":1,\"name\":\"Startseite\",\"item\":\"https:\/\/lmat.de\/en\/\"},{\"@type\":\"ListItem\",\"position\":2,\"name\":\"Imprint\"}]},{\"@type\":\"WebSite\",\"@id\":\"https:\/\/lmat.de\/#website\",\"url\":\"https:\/\/lmat.de\/\",\"name\":\"LM Audit &amp; Tax GmbH | Wirtschaftspr\u00fcfungsgesellschaft Steuerberatungsgesellschaft\",\"description\":\"\",\"publisher\":{\"@id\":\"https:\/\/lmat.de\/#organization\"},\"potentialAction\":[{\"@type\":\"SearchAction\",\"target\":{\"@type\":\"EntryPoint\",\"urlTemplate\":\"https:\/\/lmat.de\/?s={search_term_string}\"},\"query-input\":{\"@type\":\"PropertyValueSpecification\",\"valueRequired\":true,\"valueName\":\"search_term_string\"}}],\"inLanguage\":\"en-US\"},{\"@type\":\"Organization\",\"@id\":\"https:\/\/lmat.de\/#organization\",\"name\":\"LM Audit & Tax GmbH\",\"url\":\"https:\/\/lmat.de\/\",\"logo\":{\"@type\":\"ImageObject\",\"inLanguage\":\"en-US\",\"@id\":\"https:\/\/lmat.de\/#\/schema\/logo\/image\/\",\"url\":\"https:\/\/lmat.de\/wp-content\/uploads\/2023\/07\/lmaudit-logo.png\",\"contentUrl\":\"https:\/\/lmat.de\/wp-content\/uploads\/2023\/07\/lmaudit-logo.png\",\"width\":236,\"height\":83,\"caption\":\"LM Audit & Tax GmbH\"},\"image\":{\"@id\":\"https:\/\/lmat.de\/#\/schema\/logo\/image\/\"}}]}<\/script>\n<!-- \/ Yoast SEO plugin. -->","yoast_head_json":{"title":"Imprint - LM Audit &amp; Tax GmbH | Wirtschaftspr\u00fcfungsgesellschaft Steuerberatungsgesellschaft","robots":{"index":"index","follow":"follow","max-snippet":"max-snippet:-1","max-image-preview":"max-image-preview:large","max-video-preview":"max-video-preview:-1"},"canonical":"https:\/\/lmat.de\/en\/imprint\/","og_locale":"en_US","og_type":"article","og_title":"Imprint - LM Audit &amp; Tax GmbH | Wirtschaftspr\u00fcfungsgesellschaft Steuerberatungsgesellschaft","og_url":"https:\/\/lmat.de\/en\/imprint\/","og_site_name":"LM Audit &amp; Tax GmbH | Wirtschaftspr\u00fcfungsgesellschaft Steuerberatungsgesellschaft","article_modified_time":"2026-02-17T15:11:38+00:00","twitter_card":"summary_large_image","twitter_misc":{"Est. reading time":"2 minutes"},"schema":{"@context":"https:\/\/schema.org","@graph":[{"@type":"WebPage","@id":"https:\/\/lmat.de\/en\/imprint\/","url":"https:\/\/lmat.de\/en\/imprint\/","name":"Imprint - LM Audit &amp; Tax GmbH | Wirtschaftspr\u00fcfungsgesellschaft Steuerberatungsgesellschaft","isPartOf":{"@id":"https:\/\/lmat.de\/#website"},"datePublished":"2023-08-10T07:20:52+00:00","dateModified":"2026-02-17T15:11:38+00:00","breadcrumb":{"@id":"https:\/\/lmat.de\/en\/imprint\/#breadcrumb"},"inLanguage":"en-US","potentialAction":[{"@type":"ReadAction","target":["https:\/\/lmat.de\/en\/imprint\/"]}]},{"@type":"BreadcrumbList","@id":"https:\/\/lmat.de\/en\/imprint\/#breadcrumb","itemListElement":[{"@type":"ListItem","position":1,"name":"Startseite","item":"https:\/\/lmat.de\/en\/"},{"@type":"ListItem","position":2,"name":"Imprint"}]},{"@type":"WebSite","@id":"https:\/\/lmat.de\/#website","url":"https:\/\/lmat.de\/","name":"LM Audit &amp; Tax GmbH | Wirtschaftspr\u00fcfungsgesellschaft Steuerberatungsgesellschaft","description":"","publisher":{"@id":"https:\/\/lmat.de\/#organization"},"potentialAction":[{"@type":"SearchAction","target":{"@type":"EntryPoint","urlTemplate":"https:\/\/lmat.de\/?s={search_term_string}"},"query-input":{"@type":"PropertyValueSpecification","valueRequired":true,"valueName":"search_term_string"}}],"inLanguage":"en-US"},{"@type":"Organization","@id":"https:\/\/lmat.de\/#organization","name":"LM Audit & Tax GmbH","url":"https:\/\/lmat.de\/","logo":{"@type":"ImageObject","inLanguage":"en-US","@id":"https:\/\/lmat.de\/#\/schema\/logo\/image\/","url":"https:\/\/lmat.de\/wp-content\/uploads\/2023\/07\/lmaudit-logo.png","contentUrl":"https:\/\/lmat.de\/wp-content\/uploads\/2023\/07\/lmaudit-logo.png","width":236,"height":83,"caption":"LM Audit & Tax GmbH"},"image":{"@id":"https:\/\/lmat.de\/#\/schema\/logo\/image\/"}}]}},"spectra_custom_meta":{"_edit_lock":["1771341099:1"],"_wpml_word_count":["472"],"_uag_custom_page_level_css":[""],"_genesis_hide_title":["1"],"_genesis_hide_breadcrumbs":[""],"_genesis_hide_singular_image":[""],"_genesis_hide_footer_widgets":[""],"_genesis_custom_body_class":[""],"_genesis_custom_post_class":[""],"_genesis_layout":[""],"_edit_last":["1"],"_genesis_scripts_body_position":["bottom"],"_wp_page_template":[""],"_wpml_media_duplicate":["1"],"_wpml_media_featured":["1"],"_last_translation_edit_mode":["native-editor"],"_yoast_wpseo_content_score":["90"],"_yoast_wpseo_estimated-reading-time-minutes":["2"],"_yoast_wpseo_wordproof_timestamp":[""],"footnotes":[""],"_uagb_previous_block_counts":["a:90:{s:21:\"uagb\/advanced-heading\";i:0;s:15:\"uagb\/blockquote\";i:0;s:12:\"uagb\/buttons\";i:0;s:18:\"uagb\/buttons-child\";i:0;s:19:\"uagb\/call-to-action\";i:0;s:15:\"uagb\/cf7-styler\";i:0;s:11:\"uagb\/column\";i:0;s:12:\"uagb\/columns\";i:0;s:14:\"uagb\/container\";i:0;s:21:\"uagb\/content-timeline\";i:0;s:27:\"uagb\/content-timeline-child\";i:0;s:14:\"uagb\/countdown\";i:0;s:12:\"uagb\/counter\";i:0;s:8:\"uagb\/faq\";i:0;s:14:\"uagb\/faq-child\";i:0;s:10:\"uagb\/forms\";i:0;s:17:\"uagb\/forms-accept\";i:0;s:19:\"uagb\/forms-checkbox\";i:0;s:15:\"uagb\/forms-date\";i:0;s:16:\"uagb\/forms-email\";i:0;s:17:\"uagb\/forms-hidden\";i:0;s:15:\"uagb\/forms-name\";i:0;s:16:\"uagb\/forms-phone\";i:0;s:16:\"uagb\/forms-radio\";i:0;s:17:\"uagb\/forms-select\";i:0;s:19:\"uagb\/forms-textarea\";i:0;s:17:\"uagb\/forms-toggle\";i:0;s:14:\"uagb\/forms-url\";i:0;s:14:\"uagb\/gf-styler\";i:0;s:15:\"uagb\/google-map\";i:0;s:11:\"uagb\/how-to\";i:0;s:16:\"uagb\/how-to-step\";i:0;s:9:\"uagb\/icon\";i:0;s:14:\"uagb\/icon-list\";i:0;s:20:\"uagb\/icon-list-child\";i:0;s:10:\"uagb\/image\";i:0;s:18:\"uagb\/image-gallery\";i:0;s:13:\"uagb\/info-box\";i:0;s:18:\"uagb\/inline-notice\";i:0;s:11:\"uagb\/lottie\";i:0;s:21:\"uagb\/marketing-button\";i:0;s:10:\"uagb\/modal\";i:0;s:18:\"uagb\/popup-builder\";i:0;s:16:\"uagb\/post-button\";i:0;s:18:\"uagb\/post-carousel\";i:0;s:17:\"uagb\/post-excerpt\";i:0;s:14:\"uagb\/post-grid\";i:0;s:15:\"uagb\/post-image\";i:0;s:17:\"uagb\/post-masonry\";i:0;s:14:\"uagb\/post-meta\";i:0;s:18:\"uagb\/post-taxonomy\";i:0;s:18:\"uagb\/post-timeline\";i:0;s:15:\"uagb\/post-title\";i:0;s:20:\"uagb\/restaurant-menu\";i:0;s:26:\"uagb\/restaurant-menu-child\";i:0;s:11:\"uagb\/review\";i:0;s:12:\"uagb\/section\";i:0;s:14:\"uagb\/separator\";i:0;s:11:\"uagb\/slider\";i:0;s:17:\"uagb\/slider-child\";i:0;s:17:\"uagb\/social-share\";i:0;s:23:\"uagb\/social-share-child\";i:0;s:16:\"uagb\/star-rating\";i:0;s:23:\"uagb\/sure-cart-checkout\";i:0;s:22:\"uagb\/sure-cart-product\";i:0;s:15:\"uagb\/sure-forms\";i:0;s:22:\"uagb\/table-of-contents\";i:0;s:9:\"uagb\/tabs\";i:0;s:15:\"uagb\/tabs-child\";i:0;s:18:\"uagb\/taxonomy-list\";i:0;s:9:\"uagb\/team\";i:0;s:16:\"uagb\/testimonial\";i:0;s:14:\"uagb\/wp-search\";i:0;s:19:\"uagb\/instagram-feed\";i:0;s:10:\"uagb\/login\";i:0;s:17:\"uagb\/loop-builder\";i:0;s:18:\"uagb\/loop-category\";i:0;s:20:\"uagb\/loop-pagination\";i:0;s:15:\"uagb\/loop-reset\";i:0;s:16:\"uagb\/loop-search\";i:0;s:14:\"uagb\/loop-sort\";i:0;s:17:\"uagb\/loop-wrapper\";i:0;s:13:\"uagb\/register\";i:0;s:19:\"uagb\/register-email\";i:0;s:24:\"uagb\/register-first-name\";i:0;s:23:\"uagb\/register-last-name\";i:0;s:22:\"uagb\/register-password\";i:0;s:30:\"uagb\/register-reenter-password\";i:0;s:19:\"uagb\/register-terms\";i:0;s:22:\"uagb\/register-username\";i:0;}"],"_uag_css_file_name":["uag-css-1412.css"],"_uag_page_assets":["a:9:{s:3:\"css\";s:0:\"\";s:2:\"js\";s:0:\"\";s:18:\"current_block_list\";a:15:{i:0;s:25:\"genesis-blocks\/gb-columns\";i:1;s:24:\"genesis-blocks\/gb-column\";i:2;s:12:\"core\/heading\";i:3;s:14:\"core\/paragraph\";i:4;s:11:\"core\/search\";i:5;s:10:\"core\/group\";i:6;s:17:\"core\/latest-posts\";i:7;s:20:\"core\/latest-comments\";i:8;s:13:\"core\/archives\";i:9;s:15:\"core\/categories\";i:10;s:22:\"wpml\/language-switcher\";i:13;s:10:\"core\/image\";i:14;s:14:\"core\/shortcode\";i:15;s:12:\"core\/buttons\";i:16;s:11:\"core\/button\";}s:8:\"uag_flag\";b:0;s:11:\"uag_version\";s:10:\"1775123361\";s:6:\"gfonts\";a:0:{}s:10:\"gfonts_url\";s:0:\"\";s:12:\"gfonts_files\";a:0:{}s:14:\"uag_faq_layout\";b:0;}"]},"uagb_featured_image_src":{"full":false,"thumbnail":false,"medium":false,"medium_large":false,"large":false,"1536x1536":false,"2048x2048":false,"sidebar-featured":false,"genesis-singular-images":false,"gb-block-post-grid-landscape":false,"gb-block-post-grid-square":false},"uagb_author_info":{"display_name":"LM Audit","author_link":"https:\/\/lmat.de\/en\/author\/lm-audit\/"},"uagb_comment_info":0,"uagb_excerpt":null,"featured_image_src":null,"featured_image_src_square":null,"_links":{"self":[{"href":"https:\/\/lmat.de\/en\/wp-json\/wp\/v2\/pages\/1412","targetHints":{"allow":["GET"]}}],"collection":[{"href":"https:\/\/lmat.de\/en\/wp-json\/wp\/v2\/pages"}],"about":[{"href":"https:\/\/lmat.de\/en\/wp-json\/wp\/v2\/types\/page"}],"author":[{"embeddable":true,"href":"https:\/\/lmat.de\/en\/wp-json\/wp\/v2\/users\/2"}],"replies":[{"embeddable":true,"href":"https:\/\/lmat.de\/en\/wp-json\/wp\/v2\/comments?post=1412"}],"version-history":[{"count":1,"href":"https:\/\/lmat.de\/en\/wp-json\/wp\/v2\/pages\/1412\/revisions"}],"predecessor-version":[{"id":19824,"href":"https:\/\/lmat.de\/en\/wp-json\/wp\/v2\/pages\/1412\/revisions\/19824"}],"wp:attachment":[{"href":"https:\/\/lmat.de\/en\/wp-json\/wp\/v2\/media?parent=1412"}],"curies":[{"name":"wp","href":"https:\/\/api.w.org\/{rel}","templated":true}]}}